{"id":3,"date":"2023-03-14T10:31:45","date_gmt":"2023-03-14T10:31:45","guid":{"rendered":"https:\/\/srbiomed.com\/?page_id=3"},"modified":"2023-04-05T17:29:20","modified_gmt":"2023-04-05T17:29:20","slug":"privacy-policy","status":"publish","type":"page","link":"https:\/\/srbiomed.com\/en\/privacy-policy\/","title":{"rendered":"Privacy Policy"},"content":{"rendered":"<style>\/*! elementor - v3.11.5 - 14-03-2023 *\/<br \/>\n.elementor-heading-title{padding:0;margin:0;line-height:1}.elementor-widget-heading .elementor-heading-title[class*=elementor-size-]>a{color:inherit;font-size:inherit;line-height:inherit}.elementor-widget-heading .elementor-heading-title.elementor-size-small{font-size:15px}.elementor-widget-heading .elementor-heading-title.elementor-size-medium{font-size:19px}.elementor-widget-heading .elementor-heading-title.elementor-size-large{font-size:29px}.elementor-widget-heading .elementor-heading-title.elementor-size-xl{font-size:39px}.elementor-widget-heading .elementor-heading-title.elementor-size-xxl{font-size:59px}<\/style>\n<h1>POLITICA DE PRIVACIDAD<\/h1>\n<p><strong>Responsable de los datos personales: <b><\/b>SR BIOMEDICAL INTERNATIONAL CORP<\/strong>, <b>ITIN (EIN)&nbsp;<\/b>81-2079055, con domicilio en <b><\/b><a href=\"https:\/\/www.google.com\/maps\/search\/5220+NW+72+AVE?entry=gmail&amp;source=g\" target=\"_blank\" rel=\"noopener\">5220 NW 72 AVE<\/a> unit#20, Miami, Fl 33166, en lo adelante EL GESTOR DEL SITIO WEB, y cuyo correo electr\u00f3nico de contacto es admin@srbiomed.com<\/p>\n<p><strong>Datos solicitados en el sitio web y finalidad del tratamiento. <\/strong><\/p>\n<ul>\n<li><strong>Nombre, apellidos y correo electr\u00f3nico en los formularios de contacto: <\/strong>para realizar cualquier contacto directo con EL GESTOR DEL SITIO WEB, ya sea para plantear dudas, comentarios, sugerencias, solicitar un servicio o producto, o cualquier otra informaci\u00f3n. No suministrar los datos personales m\u00ednimos necesarios imposibilitar\u00e1 a EL GESTOR DEL SITIO WEB de responder a la petici\u00f3n.<\/li>\n<\/ul>\n<p><strong>&nbsp;<\/strong><\/p>\n<ul>\n<li><strong>Nombre y correo electr\u00f3nico: <\/strong>para poder realizar comentarios en el blog del sitio web.<\/li>\n<\/ul>\n<p><strong>&nbsp;<\/strong><\/p>\n<ul>\n<li><strong>Nombre, apellidos, direcci\u00f3n, tel\u00e9fono, correo electr\u00f3nico, n\u00famero de identificaci\u00f3n fiscal: <\/strong>se solicitar\u00e1 esta informaci\u00f3n al momento del pago del servicio, ello a los fines de procesar todo lo relacionado con el cliente.<\/li>\n<\/ul>\n<p><strong>&nbsp;<\/strong><\/p>\n<ul>\n<li><strong>Nombre, tel\u00e9fono y correo electr\u00f3nico para newsletter: <\/strong>con el debido consentimiento expreso y voluntario del titular de los datos, se solicitar\u00e1 en el sitio web la informaci\u00f3n m\u00ednima necesaria para enviar un bolet\u00edn comercial automatizado, donde se informar\u00e1 sobre publicidad, promociones y otra informaci\u00f3n de los servicios y\/o productos ofrecidos por EL GESTOR DEL SITIO WEB<\/li>\n<\/ul>\n<p><strong>&nbsp;<\/strong><\/p>\n<ul>\n<li><strong>Correo electr\u00f3nico: <\/strong>se solicitar\u00e1 el correo electr\u00f3nico para poder acceder al \u00e1rea de cliente, de acuerdo a los datos suministrados al momento de crear la cuenta.<\/li>\n<\/ul>\n<p>Si el usuario tiene menos de 16 a\u00f1os, deber\u00e1 tener la autorizaci\u00f3n de sus padres o tutores legales para entregar sus datos personales. EL GESTOR DEL SITIO WEB no tiene manera de comprobar efectivamente la edad de los usuarios, por lo que queda eximida de cualquier responsabilidad, si el usuario no cumple con lo aqu\u00ed indicado.<\/p>\n<p>EL GESTOR DEL SITIO WEB en todo momento velar\u00e1 porque el uso que se le da al sitio web, a los contenidos, y al tratamiento de los datos personales del&nbsp;usuario, se realicen de la forma m\u00e1s correcta. Para ello, el usuario siempre podr\u00e1 ejercer sus derechos de acceso, rectificaci\u00f3n, cancelaci\u00f3n, portabilidad, olvido u oposici\u00f3n, todo ello en fiel cumplimiento de las directrices de las leyes que rigen la materia, escribiendo a admin@srbiomed.com<\/p>\n<p>En ning\u00fan momento EL GESTOR DEL SITIO WEB compartir\u00e1 con terceros los datos que posee. En caso de hacerlo para cumplir con los servicios contratados por alg\u00fan participante, enviar la newsletter, cumplir con exigencias legales o para la administraci\u00f3n del sitio web, se proporcionar\u00e1n los debidos acuerdos de confidencialidad entre las partes.&nbsp;<\/p>\n<p>Los enlaces a terceros que se puedan encontrar en el sitio web poseen pol\u00edticas de privacidad ajenas a EL GESTOR DEL SITIO WEB. El acceso a estos sitios deber\u00e1 ser responsabilidad del usuario, siendo su responsabilidad conocerlas y su decisi\u00f3n aceptarlas o no.<\/p>\n<h2>FORMULARIOS<\/h2>\n<p><strong>&nbsp;<\/strong><\/p>\n<p>El sitio web dispone de 4 tipos de formularios:<\/p>\n<p>&nbsp;<strong>De contacto: <\/strong>el usuario, cliente o participante podr\u00e1 encontrar formularios que facilitar\u00e1n la comunicaci\u00f3n con EL GESTOR DEL SITIO WEB, para plantear dudas, comentarios, solicitar un presupuesto, reservar alguno de los servicios ofrecidos en el sitio web o exigir alg\u00fan derecho que tenga. No suministrar los datos personales m\u00ednimos necesarios imposibilitar\u00e1 a EL GESTOR DEL SITIO WEB responder a la petici\u00f3n. Este tratamiento se considerar\u00e1 leg\u00edtimo por ser parte de una diligencia pre-contractual. El servidor del sitio web y del correo electr\u00f3nico de EL GESTOR DEL SITIO WEB ser\u00e1n los encargados del tratamiento.<\/p>\n<p><strong>&nbsp;De publicidad:<\/strong> se solicitar\u00e1 a los usuarios, compradores o participantes su consentimiento expreso y voluntario para entregar a EL GESTOR DEL SITIO WEB, los m\u00ednimos datos necesarios para enviar publicidad e informaci\u00f3n comercial relacionada con los servicios y\/o productos ofrecidos por EL GESTOR DEL SITIO WEB, para que se agregue a un fichero automatizado de <em>email marketing<\/em> gestionado por el encargado del tratamiento que se indica m\u00e1s abajo. El tratamiento de los datos personales que se encuentren en esta secci\u00f3n, se ha hecho con el consentimiento del titular de los datos.<\/p>\n<p><em>&nbsp;<\/em><\/p>\n<p><em>&nbsp;<\/em><strong>Para comentarios en el blog: <\/strong>en aras de evitar el <em>spam<\/em>, mensajes inadecuados, y hacer un correcto seguimiento, se solicitar\u00e1 al usuario su nombre, email y sitio web para identificarlo en los comentarios que desee realizar en las entradas del blog. Estos datos ser\u00e1n visibles para otros usuarios del sitio web. Si no desea que los datos sean visibles por otras personas, deber\u00e1 comunicarse con EL GESTOR DEL SITIO WEB a admin@srbiomed.com<\/p>\n<p>El servidor del sitio web ser\u00e1 el encargado del tratamiento y que se realizar\u00e1 con el consentimiento del titular de los datos.&nbsp;<\/p>\n<p><strong>&nbsp;Para procesar la solicitud del servicio: <\/strong>se solicitar\u00e1 a los usuarios, clientes o participantes sus datos para que EL GESTOR DEL SITIO WEB pueda procesar los servicios solicitados por el cliente. Tratamiento leg\u00edtimo de datos personales por la relaci\u00f3n contractual que existe con el cliente o participante. Los datos ser\u00e1n guardados en el servidor del sitio web.<\/p>\n<h2>ENCARGADOS DEL TRATAMIENTO<\/h2>\n<p><strong>&nbsp;<\/strong><\/p>\n<p>EL GESTOR DEL SITIO WEB necesita el apoyo de terceros para ofrecer adecuadamente sus servicios y productos, con los cuales celebra los debidos acuerdos de confidencialidad y verifica el cumplimiento de las normativas sobre protecci\u00f3n de datos personales.&nbsp;<\/p>\n<p>Los datos suministrados a estos terceros no podr\u00e1n ser utilizados para otros fines no autorizados por el titular de los datos.&nbsp;<\/p>\n<p>En cumplimiento de los principios de informaci\u00f3n y transparencia, se hace saber que estos terceros son:<\/p>\n<p>\u2022 Google: Herramienta utilizada para coloca aqu\u00ed para que lo usas. Este servicio est\u00e1 a cargo de la empresa Google LLC, ubicada en Mountain View, California, Estados Unidos de Am\u00e9rica, cuenta con la suscripci\u00f3n del Escudo de la privacidad entre la UE-EE.UU. que puede ser consultado en<br \/>\nhttps:\/\/www.privacyshield.gov\/participant?id=a2zt000000001L5AAI&amp;sta tus=Active. Si desea obtener m\u00e1s informaci\u00f3n sobre su pol\u00edtica de privacidad puede consultar: https:\/\/policies.google.com\/privacy<\/p>\n<p>\u2022 Pixel de Facebook: herramienta de an\u00e1lisis para publicidad, utilizado para conocer las acciones de los titulares de los datos en este sitio web. Este servicio es proporcionado por Facebook, Inc., que est\u00e1 ubicada en 1601 Willow Road Menlo Park, CA 94025, Estados Unidos de Am\u00e9rica. En caso de estar fuera de los Estados Unidos de Am\u00e9rica o Canad\u00e1, la entidad de control de datos responsable de la informaci\u00f3n es Facebook Ireland Ltd., que se encuentra ubicada en 4 Grand Canal Square Grand Canal Harbour, Dubl\u00edn 2, Irlanda. Posee la certificaci\u00f3n del marco del Escudo de la privacidad de la Uni\u00f3n Europea y los EE.UU. y del marco del Escudo de la privacidad de Suiza y los EE.UU., como se puede evidenciar en<br \/>\nhttps:\/\/www.privacyshield.gov\/participant?id=a2zt0000000GnywAAC&amp;s tatus=Active. Para obtener m\u00e1s informaci\u00f3n sobre la pol\u00edtica de privacidad ingresa en https:\/\/www.facebook.com\/privacy\/explanation<br \/>\n\u2022 Google Analytics: Servicio de an\u00e1lisis web, para ver las estad\u00edsticas del uso del sitio web, Este servicio est\u00e1 a cargo de la empresa Google LLC, ubicada en Mountain View, California, Estados Unidos de Am\u00e9rica, cuenta con la suscripci\u00f3n del Escudo de la privacidad entre la UE-<br \/>\nEE.UU. que puede ser consultado en<br \/>\nhttps:\/\/www.privacyshield.gov\/participant?id=a2zt000000001L5AAI&amp;sta tus=Active. Si desea obtener m\u00e1s informaci\u00f3n sobre su pol\u00edtica de privacidad puede consultar: https:\/\/policies.google.com\/privacy<br \/>\n\u2022 WhatsApp: Herramienta utilizada para la comunicaci\u00f3n con los usuarios, compradores, clientes y participantes a trav\u00e9s de la empresa WhatsApp Ireland Limited (para los que se encuentran ubicados en Europa), puede contactarse a trav\u00e9s del enlace https:\/\/www.whatsapp.com\/contact\/?subject=messenger y su pol\u00edtica de privacidad puede observarse en<\/p>\n<p>https:\/\/www.whatsapp.com\/legal?eea=1#privacy-policy<\/p>\n<p>En casos puntales EL GESTOR DEL SITIO WEB podr\u00e1 utilizar aplicaciones o herramientas que no hayan sido incluidas o nombradas en este listado, lo anterior por ser una mejor opci\u00f3n que coadyuve a la realizaci\u00f3n de una determinada tarea; si esto sucediera EL GESTOR DEL SITIO WEB notificar\u00e1 de esta situaci\u00f3n a sus usuarios, clientes o participantes seg\u00fan fuere el caso.<\/p>\n<h2>POL\u00cdTICAS RELACIONADAS CON LA NEWSLETTER<\/h2>\n<p>Estas pol\u00edticas se entender\u00e1n en todo momento como parte complementaria de los t\u00e9rminos y condiciones expuestos en el sitio web, siendo ambos de igual aplicaci\u00f3n al momento de una controversia. La pol\u00edtica de privacidad y de propiedad intelectual aplicada ser\u00e1 la misma que se expone en los t\u00e9rminos y condiciones del sitio web.<\/p>\n<p>Se entender\u00e1 como \u201cnewsletter\u201d al bolet\u00edn digital que EL GESTOR DEL SITIO WEB realiza de forma peri\u00f3dica y que hace llegar a sus suscriptores a trav\u00e9s de un proveedor de servicios de correo electr\u00f3nico externo, al cual el usuario se ha suscrito de manera voluntaria.<\/p>\n<p>EL GESTOR DEL SITIO WEB no est\u00e1 en la obligaci\u00f3n de enviar en per\u00edodos de tiempo definidos la newsletter, por lo que es totalmente libre de hacerlo cuando lo estime conveniente. El usuario podr\u00e1 en todo momento ejercer sus derechos de acceso, rectificaci\u00f3n, cancelaci\u00f3n u oposici\u00f3n siguiendo las instrucciones que encontrar\u00e1 en el pie de p\u00e1gina de la newsletter.<\/p>\n<p>El usuario no deber\u00e1 compartir su contenido con terceros, ya que esto violar\u00eda los derechos de autor de EL GESTOR DEL SITIO WEB. El \u00fanico canal de distribuci\u00f3n posible es el administrado y\/o autorizado por EL GESTOR DEL SITIO WEB.<\/p>\n<p>EL GESTOR DEL SITIO WEB no se har\u00e1 responsable por el contenido de terceros expuesto en la newsletter, cualquier controversia que surja deber\u00e1 ser tratada directamente con la persona o empresa de la cual se hace menci\u00f3n.<\/p>\n<p>Todo el material que se expone en la newsletter est\u00e1 protegido por derechos de autor a favor de EL GESTOR DEL SITIO WEB, y en el caso de pertenecer a terceros, se entender\u00e1 que EL GESTOR DEL SITIO WEB tiene la debida autorizaci\u00f3n para utilizarlo como se haya convenido con el autor.<\/p>\n<h2>DURACI\u00d3N DEL TRATAMIENTO<\/h2>\n<p>En el caso de los datos personales suministrados para facturaci\u00f3n y compra de productos o servicios, ser\u00e1n guardados por el tiempo legalmente aplicable por la plataforma que realice la facturaci\u00f3n.<\/p>\n<p>En el caso de los datos personales suministrados para boletines comerciales electr\u00f3nicos y comentarios en el blog, ser\u00e1 por el tiempo que el titular de los datos desee permanecer en la lista de suscripci\u00f3n, por lo que podr\u00e1 darse de baja en el momento que as\u00ed lo desee, de forma autom\u00e1tica como se indica en cada bolet\u00edn, o escribiendo a admin@srbiomed.com<\/p>\n","protected":false},"excerpt":{"rendered":"<p>POLITICA DE PRIVACIDAD Responsable de los datos personales: SR BIOMEDICAL INTERNATIONAL CORP, ITIN (EIN)&nbsp;81-2079055, con domicilio en 5220 NW 72 AVE unit#20, Miami, Fl 33166, en lo adelante EL GESTOR DEL SITIO WEB, y cuyo correo electr\u00f3nico de contacto es admin@srbiomed.com Datos solicitados en el sitio web y finalidad del tratamiento. Nombre, apellidos y correo [&hellip;]<\/p>\n","protected":false},"author":1,"featured_media":0,"parent":0,"menu_order":0,"comment_status":"closed","ping_status":"open","template":"","meta":{"_joinchat":[],"footnotes":""},"class_list":["post-3","page","type-page","status-publish","hentry"],"_links":{"self":[{"href":"https:\/\/srbiomed.com\/en\/wp-json\/wp\/v2\/pages\/3","targetHints":{"allow":["GET"]}}],"collection":[{"href":"https:\/\/srbiomed.com\/en\/wp-json\/wp\/v2\/pages"}],"about":[{"href":"https:\/\/srbiomed.com\/en\/wp-json\/wp\/v2\/types\/page"}],"author":[{"embeddable":true,"href":"https:\/\/srbiomed.com\/en\/wp-json\/wp\/v2\/users\/1"}],"replies":[{"embeddable":true,"href":"https:\/\/srbiomed.com\/en\/wp-json\/wp\/v2\/comments?post=3"}],"version-history":[{"count":5,"href":"https:\/\/srbiomed.com\/en\/wp-json\/wp\/v2\/pages\/3\/revisions"}],"predecessor-version":[{"id":457,"href":"https:\/\/srbiomed.com\/en\/wp-json\/wp\/v2\/pages\/3\/revisions\/457"}],"wp:attachment":[{"href":"https:\/\/srbiomed.com\/en\/wp-json\/wp\/v2\/media?parent=3"}],"curies":[{"name":"wp","href":"https:\/\/api.w.org\/{rel}","templated":true}]}}